{"id":1746,"date":"2024-10-02T15:05:26","date_gmt":"2024-10-02T20:05:26","guid":{"rendered":"https:\/\/finanzase.com\/?page_id=1746"},"modified":"2024-10-23T11:26:14","modified_gmt":"2024-10-23T16:26:14","slug":"contacto","status":"publish","type":"page","link":"https:\/\/finanzase.com\/en\/contacto\/","title":{"rendered":"Contact"},"content":{"rendered":"<div data-elementor-type=\"wp-page\" data-elementor-id=\"1746\" class=\"elementor elementor-1746\" data-elementor-post-type=\"page\">\n\t\t\t\t<div class=\"elementor-element elementor-element-6fef106 e-flex e-con-boxed e-con e-parent\" data-id=\"6fef106\" data-element_type=\"container\" data-settings=\"{&quot;background_background&quot;:&quot;classic&quot;}\">\n\t\t\t\t\t<div class=\"e-con-inner\">\n\t\t<div class=\"elementor-element elementor-element-0eb96bb e-con-full e-flex e-con e-child\" data-id=\"0eb96bb\" data-element_type=\"container\">\n\t\t\t\t<div class=\"elementor-element elementor-element-bde98bb elementor-widget elementor-widget-heading\" data-id=\"bde98bb\" data-element_type=\"widget\" data-widget_type=\"heading.default\">\n\t\t\t\t<div class=\"elementor-widget-container\">\n\t\t\t\t\t<h1 class=\"elementor-heading-title elementor-size-default\">Contact<\/h1>\t\t\t\t<\/div>\n\t\t\t\t<\/div>\n\t\t\t\t<\/div>\n\t\t\t\t\t<\/div>\n\t\t\t\t<\/div>\n\t\t<div class=\"elementor-element elementor-element-d0a8047 e-flex e-con-boxed e-con e-parent\" data-id=\"d0a8047\" data-element_type=\"container\" data-settings=\"{&quot;background_background&quot;:&quot;classic&quot;}\">\n\t\t\t\t\t<div class=\"e-con-inner\">\n\t\t<div class=\"elementor-element elementor-element-8e733ab e-con-full e-flex e-con e-child\" data-id=\"8e733ab\" data-element_type=\"container\">\n\t\t<div class=\"elementor-element elementor-element-3de10cc e-con-full e-flex e-con e-child\" data-id=\"3de10cc\" data-element_type=\"container\">\n\t\t<div class=\"elementor-element elementor-element-49a934e e-con-full e-flex e-con e-child\" data-id=\"49a934e\" data-element_type=\"container\">\n\t\t\t\t<div class=\"elementor-element elementor-element-cc6f709 elementor-widget elementor-widget-image\" data-id=\"cc6f709\" data-element_type=\"widget\" data-widget_type=\"image.default\">\n\t\t\t\t<div class=\"elementor-widget-container\">\n\t\t\t\t\t\t\t\t\t\t\t\t\t\t\t<img fetchpriority=\"high\" decoding=\"async\" width=\"245\" height=\"300\" src=\"https:\/\/finanzase.com\/wp-content\/uploads\/2024\/02\/foto-de-perfile-jc-245x300.png\" class=\"attachment-medium size-medium wp-image-1447\" alt=\"Jos\u00e9 Corcione l\u00edder Finanzas Empresariales Panam\u00e1\" srcset=\"https:\/\/finanzase.com\/wp-content\/uploads\/2024\/02\/foto-de-perfile-jc-245x300.png 245w, https:\/\/finanzase.com\/wp-content\/uploads\/2024\/02\/foto-de-perfile-jc.png 470w\" sizes=\"(max-width: 245px) 100vw, 245px\" \/>\t\t\t\t\t\t\t\t\t\t\t\t\t\t\t<\/div>\n\t\t\t\t<\/div>\n\t\t\t\t<div class=\"elementor-element elementor-element-2b8eb90 elementor-widget-divider--view-line elementor-widget elementor-widget-divider\" data-id=\"2b8eb90\" data-element_type=\"widget\" data-widget_type=\"divider.default\">\n\t\t\t\t<div class=\"elementor-widget-container\">\n\t\t\t\t\t\t\t<div class=\"elementor-divider\">\n\t\t\t<span class=\"elementor-divider-separator\">\n\t\t\t\t\t\t<\/span>\n\t\t<\/div>\n\t\t\t\t\t\t<\/div>\n\t\t\t\t<\/div>\n\t\t\t\t<div class=\"elementor-element elementor-element-c09ccf2 elementor-icon-list--layout-traditional elementor-list-item-link-full_width elementor-widget elementor-widget-icon-list\" data-id=\"c09ccf2\" data-element_type=\"widget\" data-widget_type=\"icon-list.default\">\n\t\t\t\t<div class=\"elementor-widget-container\">\n\t\t\t\t\t\t\t<ul class=\"elementor-icon-list-items\">\n\t\t\t\t\t\t\t<li class=\"elementor-icon-list-item\">\n\t\t\t\t\t\t\t\t\t\t\t<span class=\"elementor-icon-list-icon\">\n\t\t\t\t\t\t\t<svg aria-hidden=\"true\" class=\"e-font-icon-svg e-fas-phone-alt\" viewbox=\"0 0 512 512\" xmlns=\"http:\/\/www.w3.org\/2000\/svg\"><path d=\"M497.39 361.8l-112-48a24 24 0 0 0-28 6.9l-49.6 60.6A370.66 370.66 0 0 1 130.6 204.11l60.6-49.6a23.94 23.94 0 0 0 6.9-28l-48-112A24.16 24.16 0 0 0 122.6.61l-104 24A24 24 0 0 0 0 48c0 256.5 207.9 464 464 464a24 24 0 0 0 23.4-18.6l24-104a24.29 24.29 0 0 0-14.01-27.6z\"><\/path><\/svg>\t\t\t\t\t\t<\/span>\n\t\t\t\t\t\t\t\t\t\t<span class=\"elementor-icon-list-text\">(507) 6679-8361<\/span>\n\t\t\t\t\t\t\t\t\t<\/li>\n\t\t\t\t\t\t\t\t<li class=\"elementor-icon-list-item\">\n\t\t\t\t\t\t\t\t\t\t\t<span class=\"elementor-icon-list-icon\">\n\t\t\t\t\t\t\t<svg aria-hidden=\"true\" class=\"e-font-icon-svg e-far-envelope\" viewbox=\"0 0 512 512\" xmlns=\"http:\/\/www.w3.org\/2000\/svg\"><path d=\"M464 64H48C21.49 64 0 85.49 0 112v288c0 26.51 21.49 48 48 48h416c26.51 0 48-21.49 48-48V112c0-26.51-21.49-48-48-48zm0 48v40.805c-22.422 18.259-58.168 46.651-134.587 106.49-16.841 13.247-50.201 45.072-73.413 44.701-23.208.375-56.579-31.459-73.413-44.701C106.18 199.465 70.425 171.067 48 152.805V112h416zM48 400V214.398c22.914 18.251 55.409 43.862 104.938 82.646 21.857 17.205 60.134 55.186 103.062 54.955 42.717.231 80.509-37.199 103.053-54.947 49.528-38.783 82.032-64.401 104.947-82.653V400H48z\"><\/path><\/svg>\t\t\t\t\t\t<\/span>\n\t\t\t\t\t\t\t\t\t\t<span class=\"elementor-icon-list-text\">jcorcione@icloud.com<\/span>\n\t\t\t\t\t\t\t\t\t<\/li>\n\t\t\t\t\t\t<\/ul>\n\t\t\t\t\t\t<\/div>\n\t\t\t\t<\/div>\n\t\t\t\t<\/div>\n\t\t\t\t<\/div>\n\t\t\t\t<\/div>\n\t\t<div class=\"elementor-element elementor-element-6655e3a e-con-full e-flex e-con e-child\" data-id=\"6655e3a\" data-element_type=\"container\">\n\t\t<div class=\"elementor-element elementor-element-30225b3 e-con-full e-flex e-con e-child\" data-id=\"30225b3\" data-element_type=\"container\" data-settings=\"{&quot;background_background&quot;:&quot;classic&quot;}\">\n\t\t\t\t<div class=\"elementor-element elementor-element-552a7b3 elementor-widget__width-initial elementor-widget elementor-widget-heading\" data-id=\"552a7b3\" data-element_type=\"widget\" data-widget_type=\"heading.default\">\n\t\t\t\t<div class=\"elementor-widget-container\">\n\t\t\t\t\t<h2 class=\"elementor-heading-title elementor-size-default\">Get in touch<\/h2>\t\t\t\t<\/div>\n\t\t\t\t<\/div>\n\t\t\t\t<div class=\"elementor-element elementor-element-b19a1ba elementor-widget-divider--view-line elementor-widget elementor-widget-divider\" data-id=\"b19a1ba\" data-element_type=\"widget\" data-widget_type=\"divider.default\">\n\t\t\t\t<div class=\"elementor-widget-container\">\n\t\t\t\t\t\t\t<div class=\"elementor-divider\">\n\t\t\t<span class=\"elementor-divider-separator\">\n\t\t\t\t\t\t<\/span>\n\t\t<\/div>\n\t\t\t\t\t\t<\/div>\n\t\t\t\t<\/div>\n\t\t\t\t<div class=\"elementor-element elementor-element-abff5a9 elementor-widget__width-initial elementor-widget elementor-widget-text-editor\" data-id=\"abff5a9\" data-element_type=\"widget\" data-widget_type=\"text-editor.default\">\n\t\t\t\t<div class=\"elementor-widget-container\">\n\t\t\t\t\t\t\t\t\t<p>Our team of experts is committed to helping you make sound financial decisions that drive the sustainable growth of your business.<\/p>\t\t\t\t\t\t\t\t<\/div>\n\t\t\t\t<\/div>\n\t\t\t\t<div class=\"elementor-element elementor-element-fe112dc elementor-widget__width-initial eael-wpforms-labels-yes eael-wpforms-form-button-custom elementor-widget elementor-widget-eael-wpforms\" data-id=\"fe112dc\" data-element_type=\"widget\" data-widget_type=\"eael-wpforms.default\">\n\t\t\t\t<div class=\"elementor-widget-container\">\n\t\t\t\t\t            <div class=\"eael-contact-form eael-wpforms eael-wpforms-align-default\">\n                                <div class=\"wpforms-container\" id=\"wpforms-1766\"><form id=\"wpforms-form-1766\" class=\"wpforms-validate wpforms-form\" data-formid=\"1766\" method=\"post\" enctype=\"multipart\/form-data\" action=\"\/en\/wp-json\/wp\/v2\/pages\/1746\" data-token=\"30a4f9ccb7ecbe5b2633143e2c8ddaf5\" data-token-time=\"1775867467\" data-trp-original-action=\"\/en\/wp-json\/wp\/v2\/pages\/1746\"><noscript class=\"wpforms-error-noscript\">Please enable JavaScript in your browser to complete this form.<\/noscript><div class=\"wpforms-field-container\"><div id=\"wpforms-1766-field_0-container\" class=\"wpforms-field wpforms-field-name wpforms-one-half wpforms-first\" data-field-id=\"0\"><label class=\"wpforms-field-label wpforms-label-hide\" for=\"wpforms-1766-field_0\">Names <span class=\"wpforms-required-label\">*<\/span><\/label><input type=\"text\" id=\"wpforms-1766-field_0\" class=\"wpforms-field-large wpforms-field-required\" name=\"wpforms[fields][0]\" placeholder=\"Full Name\" required><\/div><div id=\"wpforms-1766-field_1-container\" class=\"wpforms-field wpforms-field-email wpforms-one-half\" data-field-id=\"1\"><label class=\"wpforms-field-label wpforms-label-hide\" for=\"wpforms-1766-field_1\">Email <span class=\"wpforms-required-label\">*<\/span><\/label><input type=\"email\" id=\"wpforms-1766-field_1\" class=\"wpforms-field-large wpforms-field-required\" name=\"wpforms[fields][1]\" placeholder=\"Email\" spellcheck=\"false\" required><\/div><div id=\"wpforms-1766-field_2-container\" class=\"wpforms-field wpforms-field-textarea\" data-field-id=\"2\"><label class=\"wpforms-field-label wpforms-label-hide\" for=\"wpforms-1766-field_2\">Message <span class=\"wpforms-required-label\">*<\/span><\/label><textarea id=\"wpforms-1766-field_2\" class=\"wpforms-field-medium wpforms-field-required\" name=\"wpforms[fields][2]\" placeholder=\"Message\" required><\/textarea><\/div><\/div><!-- .wpforms-field-container --><div class=\"wpforms-recaptcha-container wpforms-is-recaptcha wpforms-is-recaptcha-type-v3\" ><input type=\"hidden\" name=\"wpforms[recaptcha]\" value=\"\"><\/div><div class=\"wpforms-submit-container\" ><input type=\"hidden\" name=\"wpforms[id]\" value=\"1766\"><input type=\"hidden\" name=\"page_title\" value=\"\"><input type=\"hidden\" name=\"page_url\" value=\"https:\/\/finanzase.com\/en\/wp-json\/wp\/v2\/pages\/1746\"><input type=\"hidden\" name=\"url_referer\" value=\"\"><button type=\"submit\" name=\"wpforms[submit]\" id=\"wpforms-submit-1766\" class=\"wpforms-submit\" data-alt-text=\"Enviando...\" data-submit-text=\"Enviar\" aria-live=\"assertive\" value=\"wpforms-submit\">Send<\/button><\/div><input type=\"hidden\" name=\"trp-form-language\" value=\"en\"\/><\/form><\/div>  <!-- .wpforms-container -->            <\/div>\n\t\t\t\t<\/div>\n\t\t\t\t<\/div>\n\t\t\t\t<\/div>\n\t\t\t\t<\/div>\n\t\t\t\t\t<\/div>\n\t\t\t\t<\/div>\n\t\t<div class=\"elementor-element elementor-element-5185360 e-con-full e-flex e-con e-parent\" data-id=\"5185360\" data-element_type=\"container\">\n\t\t\t\t<div class=\"elementor-element elementor-element-5b7c5a7 elementor-widget elementor-widget-google_maps\" data-id=\"5b7c5a7\" data-element_type=\"widget\" data-widget_type=\"google_maps.default\">\n\t\t\t\t<div class=\"elementor-widget-container\">\n\t\t\t\t\t\t\t<div class=\"elementor-custom-embed\">\n\t\t\t<iframe loading=\"lazy\"\n\t\t\t\t\tsrc=\"https:\/\/maps.google.com\/maps?q=panama%2C%20ciudad%20de%20panama&#038;t=m&#038;z=11&#038;output=embed&#038;iwloc=near\"\n\t\t\t\t\ttitle=\"panama, panama city\"\n\t\t\t\t\taria-label=\"panama, panama city\"\n\t\t\t><\/iframe>\n\t\t<\/div>\n\t\t\t\t\t\t<\/div>\n\t\t\t\t<\/div>\n\t\t\t\t<\/div>\n\t\t\t\t<\/div>","protected":false},"excerpt":{"rendered":"<p>Cont\u00e1ctanos (507) 6679-8361 jcorcione@icloud.com Ponte en contacto Nuestro equipo de expertos est\u00e1 comprometido en ayudarte a tomar decisiones financieras acertadas que impulsen el crecimiento sostenible de tu negocio. Por favor, activa JavaScript en tu navegador para completar este formulario.Nombres *Email *Mensaje * Enviar<\/p>","protected":false},"author":2,"featured_media":0,"parent":0,"menu_order":0,"comment_status":"closed","ping_status":"closed","template":"","meta":{"site-sidebar-layout":"no-sidebar","site-content-layout":"page-builder","ast-site-content-layout":"full-width-container","site-content-style":"unboxed","site-sidebar-style":"unboxed","ast-global-header-display":"","ast-banner-title-visibility":"","ast-main-header-display":"","ast-hfb-above-header-display":"disabled","ast-hfb-below-header-display":"","ast-hfb-mobile-header-display":"","site-post-title":"disabled","ast-breadcrumbs-content":"disabled","ast-featured-img":"disabled","footer-sml-layout":"disabled","ast-disable-related-posts":"","theme-transparent-header-meta":"disabled","adv-header-id-meta":"","stick-header-meta":"","header-above-stick-meta":"","header-main-stick-meta":"","header-below-stick-meta":"","astra-migrate-meta-layouts":"set","ast-page-background-enabled":"default","ast-page-background-meta":{"desktop":{"background-color":"","background-image":"","background-repeat":"repeat","background-position":"center center","background-size":"auto","background-attachment":"scroll","background-type":"","background-media":"","overlay-type":"","overlay-color":"","overlay-opacity":"","overlay-gradient":""},"tablet":{"background-color":"","background-image":"","background-repeat":"repeat","background-position":"center center","background-size":"auto","background-attachment":"scroll","background-type":"","background-media":"","overlay-type":"","overlay-color":"","overlay-opacity":"","overlay-gradient":""},"mobile":{"background-color":"","background-image":"","background-repeat":"repeat","background-position":"center center","background-size":"auto","background-attachment":"scroll","background-type":"","background-media":"","overlay-type":"","overlay-color":"","overlay-opacity":"","overlay-gradient":""}},"ast-content-background-meta":{"desktop":{"background-color":"var(--ast-global-color-4)","background-image":"","background-repeat":"repeat","background-position":"center center","background-size":"auto","background-attachment":"scroll","background-type":"","background-media":"","overlay-type":"","overlay-color":"","overlay-opacity":"","overlay-gradient":""},"tablet":{"background-color":"var(--ast-global-color-4)","background-image":"","background-repeat":"repeat","background-position":"center center","background-size":"auto","background-attachment":"scroll","background-type":"","background-media":"","overlay-type":"","overlay-color":"","overlay-opacity":"","overlay-gradient":""},"mobile":{"background-color":"var(--ast-global-color-4)","background-image":"","background-repeat":"repeat","background-position":"center center","background-size":"auto","background-attachment":"scroll","background-type":"","background-media":"","overlay-type":"","overlay-color":"","overlay-opacity":"","overlay-gradient":""}},"footnotes":""},"class_list":["post-1746","page","type-page","status-publish","hentry"],"yoast_head":"<!-- This site is optimized with the Yoast SEO plugin v25.2 - https:\/\/yoast.com\/wordpress\/plugins\/seo\/ -->\n<title>Contacto - Finanzas Empresariales<\/title>\n<meta name=\"description\" content=\"Contacto Finanzas Empresariales Panam\u00e1. Nuestro equipo de expertos est\u00e1 comprometido en ayudarte a tomar decisiones financieras acertadas.\" \/>\n<meta name=\"robots\" content=\"index, follow, max-snippet:-1, max-image-preview:large, max-video-preview:-1\" \/>\n<link rel=\"canonical\" href=\"https:\/\/finanzase.com\/en\/contacto\/\" \/>\n<meta property=\"og:locale\" content=\"en_US\" \/>\n<meta property=\"og:type\" content=\"article\" \/>\n<meta property=\"og:title\" content=\"Contacto - Finanzas Empresariales\" \/>\n<meta property=\"og:description\" content=\"Contacto Finanzas Empresariales Panam\u00e1. Nuestro equipo de expertos est\u00e1 comprometido en ayudarte a tomar decisiones financieras acertadas.\" \/>\n<meta property=\"og:url\" content=\"https:\/\/finanzase.com\/en\/contacto\/\" \/>\n<meta property=\"og:site_name\" content=\"Finanzas Empresariales\" \/>\n<meta property=\"article:modified_time\" content=\"2024-10-23T16:26:14+00:00\" \/>\n<meta property=\"og:image\" content=\"http:\/\/finanzase.com\/wp-content\/uploads\/2024\/02\/foto-de-perfile-jc-245x300.png\" \/>\n<meta name=\"twitter:card\" content=\"summary_large_image\" \/>\n<meta name=\"twitter:label1\" content=\"Est. reading time\" \/>\n\t<meta name=\"twitter:data1\" content=\"1 minute\" \/>\n<script type=\"application\/ld+json\" class=\"yoast-schema-graph\">{\"@context\":\"https:\/\/schema.org\",\"@graph\":[{\"@type\":\"WebPage\",\"@id\":\"https:\/\/finanzase.com\/contacto\/\",\"url\":\"https:\/\/finanzase.com\/contacto\/\",\"name\":\"Contacto - Finanzas Empresariales\",\"isPartOf\":{\"@id\":\"https:\/\/finanzase.com\/#website\"},\"primaryImageOfPage\":{\"@id\":\"https:\/\/finanzase.com\/contacto\/#primaryimage\"},\"image\":{\"@id\":\"https:\/\/finanzase.com\/contacto\/#primaryimage\"},\"thumbnailUrl\":\"http:\/\/finanzase.com\/wp-content\/uploads\/2024\/02\/foto-de-perfile-jc-245x300.png\",\"datePublished\":\"2024-10-02T20:05:26+00:00\",\"dateModified\":\"2024-10-23T16:26:14+00:00\",\"description\":\"Contacto Finanzas Empresariales Panam\u00e1. Nuestro equipo de expertos est\u00e1 comprometido en ayudarte a tomar decisiones financieras acertadas.\",\"breadcrumb\":{\"@id\":\"https:\/\/finanzase.com\/contacto\/#breadcrumb\"},\"inLanguage\":\"en-US\",\"potentialAction\":[{\"@type\":\"ReadAction\",\"target\":[\"https:\/\/finanzase.com\/contacto\/\"]}]},{\"@type\":\"ImageObject\",\"inLanguage\":\"en-US\",\"@id\":\"https:\/\/finanzase.com\/contacto\/#primaryimage\",\"url\":\"http:\/\/finanzase.com\/wp-content\/uploads\/2024\/02\/foto-de-perfile-jc-245x300.png\",\"contentUrl\":\"http:\/\/finanzase.com\/wp-content\/uploads\/2024\/02\/foto-de-perfile-jc-245x300.png\"},{\"@type\":\"BreadcrumbList\",\"@id\":\"https:\/\/finanzase.com\/contacto\/#breadcrumb\",\"itemListElement\":[{\"@type\":\"ListItem\",\"position\":1,\"name\":\"Inicio\",\"item\":\"https:\/\/finanzase.com\/\"},{\"@type\":\"ListItem\",\"position\":2,\"name\":\"Contacto\"}]},{\"@type\":\"WebSite\",\"@id\":\"https:\/\/finanzase.com\/#website\",\"url\":\"https:\/\/finanzase.com\/\",\"name\":\"Finanzas Empresariales\",\"description\":\"\",\"publisher\":{\"@id\":\"https:\/\/finanzase.com\/#organization\"},\"potentialAction\":[{\"@type\":\"SearchAction\",\"target\":{\"@type\":\"EntryPoint\",\"urlTemplate\":\"https:\/\/finanzase.com\/?s={search_term_string}\"},\"query-input\":{\"@type\":\"PropertyValueSpecification\",\"valueRequired\":true,\"valueName\":\"search_term_string\"}}],\"inLanguage\":\"en-US\"},{\"@type\":\"Organization\",\"@id\":\"https:\/\/finanzase.com\/#organization\",\"name\":\"Finanzas Empresariales\",\"url\":\"https:\/\/finanzase.com\/\",\"logo\":{\"@type\":\"ImageObject\",\"inLanguage\":\"en-US\",\"@id\":\"https:\/\/finanzase.com\/#\/schema\/logo\/image\/\",\"url\":\"https:\/\/finanzase.com\/wp-content\/uploads\/2024\/03\/FINANZAS-EMPRESARIALES-SIN-FONDO-LETRAS-VERDES.png\",\"contentUrl\":\"https:\/\/finanzase.com\/wp-content\/uploads\/2024\/03\/FINANZAS-EMPRESARIALES-SIN-FONDO-LETRAS-VERDES.png\",\"width\":863,\"height\":864,\"caption\":\"Finanzas Empresariales\"},\"image\":{\"@id\":\"https:\/\/finanzase.com\/#\/schema\/logo\/image\/\"}}]}<\/script>\n<!-- \/ Yoast SEO plugin. -->","yoast_head_json":{"title":"Contacto - Finanzas Empresariales","description":"Contacto Finanzas Empresariales Panam\u00e1. Nuestro equipo de expertos est\u00e1 comprometido en ayudarte a tomar decisiones financieras acertadas.","robots":{"index":"index","follow":"follow","max-snippet":"max-snippet:-1","max-image-preview":"max-image-preview:large","max-video-preview":"max-video-preview:-1"},"canonical":"https:\/\/finanzase.com\/en\/contacto\/","og_locale":"en_US","og_type":"article","og_title":"Contacto - Finanzas Empresariales","og_description":"Contacto Finanzas Empresariales Panam\u00e1. Nuestro equipo de expertos est\u00e1 comprometido en ayudarte a tomar decisiones financieras acertadas.","og_url":"https:\/\/finanzase.com\/en\/contacto\/","og_site_name":"Finanzas Empresariales","article_modified_time":"2024-10-23T16:26:14+00:00","og_image":[{"url":"http:\/\/finanzase.com\/wp-content\/uploads\/2024\/02\/foto-de-perfile-jc-245x300.png","type":"","width":"","height":""}],"twitter_card":"summary_large_image","twitter_misc":{"Est. reading time":"1 minute"},"schema":{"@context":"https:\/\/schema.org","@graph":[{"@type":"WebPage","@id":"https:\/\/finanzase.com\/contacto\/","url":"https:\/\/finanzase.com\/contacto\/","name":"Contacto - Finanzas Empresariales","isPartOf":{"@id":"https:\/\/finanzase.com\/#website"},"primaryImageOfPage":{"@id":"https:\/\/finanzase.com\/contacto\/#primaryimage"},"image":{"@id":"https:\/\/finanzase.com\/contacto\/#primaryimage"},"thumbnailUrl":"http:\/\/finanzase.com\/wp-content\/uploads\/2024\/02\/foto-de-perfile-jc-245x300.png","datePublished":"2024-10-02T20:05:26+00:00","dateModified":"2024-10-23T16:26:14+00:00","description":"Contacto Finanzas Empresariales Panam\u00e1. Nuestro equipo de expertos est\u00e1 comprometido en ayudarte a tomar decisiones financieras acertadas.","breadcrumb":{"@id":"https:\/\/finanzase.com\/contacto\/#breadcrumb"},"inLanguage":"en-US","potentialAction":[{"@type":"ReadAction","target":["https:\/\/finanzase.com\/contacto\/"]}]},{"@type":"ImageObject","inLanguage":"en-US","@id":"https:\/\/finanzase.com\/contacto\/#primaryimage","url":"http:\/\/finanzase.com\/wp-content\/uploads\/2024\/02\/foto-de-perfile-jc-245x300.png","contentUrl":"http:\/\/finanzase.com\/wp-content\/uploads\/2024\/02\/foto-de-perfile-jc-245x300.png"},{"@type":"BreadcrumbList","@id":"https:\/\/finanzase.com\/contacto\/#breadcrumb","itemListElement":[{"@type":"ListItem","position":1,"name":"Inicio","item":"https:\/\/finanzase.com\/"},{"@type":"ListItem","position":2,"name":"Contacto"}]},{"@type":"WebSite","@id":"https:\/\/finanzase.com\/#website","url":"https:\/\/finanzase.com\/","name":"Finanzas Empresariales","description":"","publisher":{"@id":"https:\/\/finanzase.com\/#organization"},"potentialAction":[{"@type":"SearchAction","target":{"@type":"EntryPoint","urlTemplate":"https:\/\/finanzase.com\/?s={search_term_string}"},"query-input":{"@type":"PropertyValueSpecification","valueRequired":true,"valueName":"search_term_string"}}],"inLanguage":"en-US"},{"@type":"Organization","@id":"https:\/\/finanzase.com\/#organization","name":"Finanzas Empresariales","url":"https:\/\/finanzase.com\/","logo":{"@type":"ImageObject","inLanguage":"en-US","@id":"https:\/\/finanzase.com\/#\/schema\/logo\/image\/","url":"https:\/\/finanzase.com\/wp-content\/uploads\/2024\/03\/FINANZAS-EMPRESARIALES-SIN-FONDO-LETRAS-VERDES.png","contentUrl":"https:\/\/finanzase.com\/wp-content\/uploads\/2024\/03\/FINANZAS-EMPRESARIALES-SIN-FONDO-LETRAS-VERDES.png","width":863,"height":864,"caption":"Finanzas Empresariales"},"image":{"@id":"https:\/\/finanzase.com\/#\/schema\/logo\/image\/"}}]}},"_links":{"self":[{"href":"https:\/\/finanzase.com\/en\/wp-json\/wp\/v2\/pages\/1746","targetHints":{"allow":["GET"]}}],"collection":[{"href":"https:\/\/finanzase.com\/en\/wp-json\/wp\/v2\/pages"}],"about":[{"href":"https:\/\/finanzase.com\/en\/wp-json\/wp\/v2\/types\/page"}],"author":[{"embeddable":true,"href":"https:\/\/finanzase.com\/en\/wp-json\/wp\/v2\/users\/2"}],"replies":[{"embeddable":true,"href":"https:\/\/finanzase.com\/en\/wp-json\/wp\/v2\/comments?post=1746"}],"version-history":[{"count":34,"href":"https:\/\/finanzase.com\/en\/wp-json\/wp\/v2\/pages\/1746\/revisions"}],"predecessor-version":[{"id":2012,"href":"https:\/\/finanzase.com\/en\/wp-json\/wp\/v2\/pages\/1746\/revisions\/2012"}],"wp:attachment":[{"href":"https:\/\/finanzase.com\/en\/wp-json\/wp\/v2\/media?parent=1746"}],"curies":[{"name":"wp","href":"https:\/\/api.w.org\/{rel}","templated":true}]}}