{"id":1796,"date":"2024-10-03T14:32:43","date_gmt":"2024-10-03T19:32:43","guid":{"rendered":"https:\/\/finanzase.com\/?page_id=1796"},"modified":"2024-10-23T11:25:44","modified_gmt":"2024-10-23T16:25:44","slug":"blog","status":"publish","type":"page","link":"https:\/\/finanzase.com\/en\/blog\/","title":{"rendered":"Blog"},"content":{"rendered":"<div data-elementor-type=\"wp-page\" data-elementor-id=\"1796\" class=\"elementor elementor-1796\" data-elementor-post-type=\"page\">\n\t\t\t\t<div class=\"elementor-element elementor-element-6fef106 e-flex e-con-boxed e-con e-parent\" data-id=\"6fef106\" data-element_type=\"container\" data-settings=\"{&quot;background_background&quot;:&quot;classic&quot;}\">\n\t\t\t\t\t<div class=\"e-con-inner\">\n\t\t<div class=\"elementor-element elementor-element-0eb96bb e-con-full e-flex e-con e-child\" data-id=\"0eb96bb\" data-element_type=\"container\">\n\t\t\t\t<div class=\"elementor-element elementor-element-bde98bb elementor-widget elementor-widget-heading\" data-id=\"bde98bb\" data-element_type=\"widget\" data-widget_type=\"heading.default\">\n\t\t\t\t<div class=\"elementor-widget-container\">\n\t\t\t\t\t<h1 class=\"elementor-heading-title elementor-size-default\">Blog<\/h1>\t\t\t\t<\/div>\n\t\t\t\t<\/div>\n\t\t\t\t<\/div>\n\t\t\t\t\t<\/div>\n\t\t\t\t<\/div>\n\t\t<div class=\"elementor-element elementor-element-bfc441c e-flex e-con-boxed e-con e-parent\" data-id=\"bfc441c\" data-element_type=\"container\">\n\t\t\t\t\t<div class=\"e-con-inner\">\n\t\t\t\t<div class=\"elementor-element elementor-element-a08ea25 elementor-grid-3 elementor-grid-tablet-2 elementor-grid-mobile-1 elementor-posts--thumbnail-top elementor-card-shadow-yes elementor-posts__hover-gradient elementor-widget elementor-widget-posts\" data-id=\"a08ea25\" data-element_type=\"widget\" data-settings=\"{&quot;pagination_type&quot;:&quot;numbers_and_prev_next&quot;,&quot;cards_columns&quot;:&quot;3&quot;,&quot;cards_columns_tablet&quot;:&quot;2&quot;,&quot;cards_columns_mobile&quot;:&quot;1&quot;,&quot;cards_row_gap&quot;:{&quot;unit&quot;:&quot;px&quot;,&quot;size&quot;:35,&quot;sizes&quot;:[]},&quot;cards_row_gap_tablet&quot;:{&quot;unit&quot;:&quot;px&quot;,&quot;size&quot;:&quot;&quot;,&quot;sizes&quot;:[]},&quot;cards_row_gap_mobile&quot;:{&quot;unit&quot;:&quot;px&quot;,&quot;size&quot;:&quot;&quot;,&quot;sizes&quot;:[]}}\" data-widget_type=\"posts.cards\">\n\t\t\t\t<div class=\"elementor-widget-container\">\n\t\t\t\t\t\t\t<div class=\"elementor-posts-container elementor-posts elementor-posts--skin-cards elementor-grid\">\n\t\t\t\t<article class=\"elementor-post elementor-grid-item post-2143 post type-post status-publish format-standard has-post-thumbnail hentry category-blog\">\n\t\t\t<div class=\"elementor-post__card\">\n\t\t\t\t<a class=\"elementor-post__thumbnail__link\" href=\"https:\/\/finanzase.com\/en\/reactivacion-economica-vs-interes-preferencial\/\" tabindex=\"-1\" ><div class=\"elementor-post__thumbnail\"><img fetchpriority=\"high\" decoding=\"async\" width=\"300\" height=\"169\" src=\"https:\/\/finanzase.com\/wp-content\/uploads\/2025\/03\/1741966505585-300x169.png\" class=\"attachment-medium size-medium wp-image-2145\" alt=\"\" srcset=\"https:\/\/finanzase.com\/wp-content\/uploads\/2025\/03\/1741966505585-300x169.png 300w, https:\/\/finanzase.com\/wp-content\/uploads\/2025\/03\/1741966505585-1024x576.png 1024w, https:\/\/finanzase.com\/wp-content\/uploads\/2025\/03\/1741966505585-768x432.png 768w, https:\/\/finanzase.com\/wp-content\/uploads\/2025\/03\/1741966505585-18x10.png 18w, https:\/\/finanzase.com\/wp-content\/uploads\/2025\/03\/1741966505585.png 1200w\" sizes=\"(max-width: 300px) 100vw, 300px\" \/><\/div><\/a>\n\t\t\t\t<div class=\"elementor-post__badge\">Blog<\/div>\n\t\t\t\t<div class=\"elementor-post__text\">\n\t\t\t\t<h3 class=\"elementor-post__title\">\n\t\t\t<a href=\"https:\/\/finanzase.com\/en\/reactivacion-economica-vs-interes-preferencial\/\" >\n\t\t\t\tReactivaci\u00f3n econ\u00f3mica vs Inter\u00e9s Preferencial\t\t\t<\/a>\n\t\t<\/h3>\n\t\t\t\t\t<div class=\"elementor-post__read-more-wrapper\">\n\t\t\n\t\t<a class=\"elementor-post__read-more\" href=\"https:\/\/finanzase.com\/en\/reactivacion-economica-vs-interes-preferencial\/\" aria-label=\"Read more about Reactivaci\u00f3n econ\u00f3mica vs Inter\u00e9s Preferencial\" tabindex=\"-1\" >\n\t\t\tRead more \u00bb\t\t<\/a>\n\n\t\t\t\t\t<\/div>\n\t\t\t\t<\/div>\n\t\t\t\t\t<\/div>\n\t\t<\/article>\n\t\t\t\t<article class=\"elementor-post elementor-grid-item post-1832 post type-post status-publish format-standard has-post-thumbnail hentry category-blog\">\n\t\t\t<div class=\"elementor-post__card\">\n\t\t\t\t<a class=\"elementor-post__thumbnail__link\" href=\"https:\/\/finanzase.com\/en\/costos-de-construccion\/\" tabindex=\"-1\" ><div class=\"elementor-post__thumbnail\"><img decoding=\"async\" width=\"300\" height=\"180\" src=\"https:\/\/finanzase.com\/wp-content\/uploads\/2024\/10\/1713797295329-300x180.jpg\" class=\"attachment-medium size-medium wp-image-1842\" alt=\"costos de construccion poryectos inmobiliarios jose corcione 1\" srcset=\"https:\/\/finanzase.com\/wp-content\/uploads\/2024\/10\/1713797295329-300x180.jpg 300w, https:\/\/finanzase.com\/wp-content\/uploads\/2024\/10\/1713797295329-1024x614.jpg 1024w, https:\/\/finanzase.com\/wp-content\/uploads\/2024\/10\/1713797295329-768x461.jpg 768w, https:\/\/finanzase.com\/wp-content\/uploads\/2024\/10\/1713797295329.jpg 1200w\" sizes=\"(max-width: 300px) 100vw, 300px\" \/><\/div><\/a>\n\t\t\t\t<div class=\"elementor-post__badge\">Blog<\/div>\n\t\t\t\t<div class=\"elementor-post__text\">\n\t\t\t\t<h3 class=\"elementor-post__title\">\n\t\t\t<a href=\"https:\/\/finanzase.com\/en\/costos-de-construccion\/\" >\n\t\t\t\tConstruction Costs\t\t\t<\/a>\n\t\t<\/h3>\n\t\t\t\t\t<div class=\"elementor-post__read-more-wrapper\">\n\t\t\n\t\t<a class=\"elementor-post__read-more\" href=\"https:\/\/finanzase.com\/en\/costos-de-construccion\/\" aria-label=\"Read more about Costos de Construcci\u00f3n\" tabindex=\"-1\" >\n\t\t\tRead more \u00bb\t\t<\/a>\n\n\t\t\t\t\t<\/div>\n\t\t\t\t<\/div>\n\t\t\t\t\t<\/div>\n\t\t<\/article>\n\t\t\t\t<article class=\"elementor-post elementor-grid-item post-1833 post type-post status-publish format-standard has-post-thumbnail hentry category-blog\">\n\t\t\t<div class=\"elementor-post__card\">\n\t\t\t\t<a class=\"elementor-post__thumbnail__link\" href=\"https:\/\/finanzase.com\/en\/los-retos-de-la-banca-en-panama-en-el-2023\/\" tabindex=\"-1\" ><div class=\"elementor-post__thumbnail\"><img decoding=\"async\" width=\"300\" height=\"169\" src=\"https:\/\/finanzase.com\/wp-content\/uploads\/2024\/10\/1679935977471-300x169.png\" class=\"attachment-medium size-medium wp-image-1840\" alt=\"Banca en Panam\u00e1 Jose Corcione\" srcset=\"https:\/\/finanzase.com\/wp-content\/uploads\/2024\/10\/1679935977471-300x169.png 300w, https:\/\/finanzase.com\/wp-content\/uploads\/2024\/10\/1679935977471-1024x576.png 1024w, https:\/\/finanzase.com\/wp-content\/uploads\/2024\/10\/1679935977471-768x432.png 768w, https:\/\/finanzase.com\/wp-content\/uploads\/2024\/10\/1679935977471.png 1280w\" sizes=\"(max-width: 300px) 100vw, 300px\" \/><\/div><\/a>\n\t\t\t\t<div class=\"elementor-post__badge\">Blog<\/div>\n\t\t\t\t<div class=\"elementor-post__text\">\n\t\t\t\t<h3 class=\"elementor-post__title\">\n\t\t\t<a href=\"https:\/\/finanzase.com\/en\/los-retos-de-la-banca-en-panama-en-el-2023\/\" >\n\t\t\t\tThe Challenges of Banking in Panama in 2023.\t\t\t<\/a>\n\t\t<\/h3>\n\t\t\t\t\t<div class=\"elementor-post__read-more-wrapper\">\n\t\t\n\t\t<a class=\"elementor-post__read-more\" href=\"https:\/\/finanzase.com\/en\/los-retos-de-la-banca-en-panama-en-el-2023\/\" aria-label=\"Read more about Los Retos de la Banca en Panam\u00e1 en el 2023.\" tabindex=\"-1\" >\n\t\t\tRead more \u00bb\t\t<\/a>\n\n\t\t\t\t\t<\/div>\n\t\t\t\t<\/div>\n\t\t\t\t\t<\/div>\n\t\t<\/article>\n\t\t\t\t<article class=\"elementor-post elementor-grid-item post-1831 post type-post status-publish format-standard has-post-thumbnail hentry category-blog\">\n\t\t\t<div class=\"elementor-post__card\">\n\t\t\t\t<a class=\"elementor-post__thumbnail__link\" href=\"https:\/\/finanzase.com\/en\/cambios-en-la-industria-del-desarrollo-inmobiliario\/\" tabindex=\"-1\" ><div class=\"elementor-post__thumbnail\"><img loading=\"lazy\" decoding=\"async\" width=\"300\" height=\"156\" src=\"https:\/\/finanzase.com\/wp-content\/uploads\/2024\/10\/1649360837667-300x156.png\" class=\"attachment-medium size-medium wp-image-1841\" alt=\"Cambios en la Industria del Desarrollo Inmobiliario Jose corcione 2\" srcset=\"https:\/\/finanzase.com\/wp-content\/uploads\/2024\/10\/1649360837667-300x156.png 300w, https:\/\/finanzase.com\/wp-content\/uploads\/2024\/10\/1649360837667.png 672w\" sizes=\"(max-width: 300px) 100vw, 300px\" \/><\/div><\/a>\n\t\t\t\t<div class=\"elementor-post__badge\">Blog<\/div>\n\t\t\t\t<div class=\"elementor-post__text\">\n\t\t\t\t<h3 class=\"elementor-post__title\">\n\t\t\t<a href=\"https:\/\/finanzase.com\/en\/cambios-en-la-industria-del-desarrollo-inmobiliario\/\" >\n\t\t\t\tChanges in the Real Estate Development Industry\t\t\t<\/a>\n\t\t<\/h3>\n\t\t\t\t\t<div class=\"elementor-post__read-more-wrapper\">\n\t\t\n\t\t<a class=\"elementor-post__read-more\" href=\"https:\/\/finanzase.com\/en\/cambios-en-la-industria-del-desarrollo-inmobiliario\/\" aria-label=\"Read more about Cambios en la Industria del Desarrollo Inmobiliario\" tabindex=\"-1\" >\n\t\t\tRead more \u00bb\t\t<\/a>\n\n\t\t\t\t\t<\/div>\n\t\t\t\t<\/div>\n\t\t\t\t\t<\/div>\n\t\t<\/article>\n\t\t\t\t<article class=\"elementor-post elementor-grid-item post-1830 post type-post status-publish format-standard has-post-thumbnail hentry category-blog\">\n\t\t\t<div class=\"elementor-post__card\">\n\t\t\t\t<a class=\"elementor-post__thumbnail__link\" href=\"https:\/\/finanzase.com\/en\/esta-panama-bajo-riesgo-de-inflacion\/\" tabindex=\"-1\" ><div class=\"elementor-post__thumbnail\"><img loading=\"lazy\" decoding=\"async\" width=\"300\" height=\"193\" src=\"https:\/\/finanzase.com\/wp-content\/uploads\/2024\/10\/1630339500476-300x193.jpg\" class=\"attachment-medium size-medium wp-image-1835\" alt=\"Panam\u00e1 bajo riesgo de inflaci\u00f3n Jose Corcione\" srcset=\"https:\/\/finanzase.com\/wp-content\/uploads\/2024\/10\/1630339500476-300x193.jpg 300w, https:\/\/finanzase.com\/wp-content\/uploads\/2024\/10\/1630339500476.jpg 700w\" sizes=\"(max-width: 300px) 100vw, 300px\" \/><\/div><\/a>\n\t\t\t\t<div class=\"elementor-post__badge\">Blog<\/div>\n\t\t\t\t<div class=\"elementor-post__text\">\n\t\t\t\t<h3 class=\"elementor-post__title\">\n\t\t\t<a href=\"https:\/\/finanzase.com\/en\/esta-panama-bajo-riesgo-de-inflacion\/\" >\n\t\t\t\tIs Panama at risk of Inflation?\t\t\t<\/a>\n\t\t<\/h3>\n\t\t\t\t\t<div class=\"elementor-post__read-more-wrapper\">\n\t\t\n\t\t<a class=\"elementor-post__read-more\" href=\"https:\/\/finanzase.com\/en\/esta-panama-bajo-riesgo-de-inflacion\/\" aria-label=\"Read more about \u00bfEst\u00e1 Panam\u00e1 bajo riesgo de Inflaci\u00f3n?\" tabindex=\"-1\" >\n\t\t\tRead more \u00bb\t\t<\/a>\n\n\t\t\t\t\t<\/div>\n\t\t\t\t<\/div>\n\t\t\t\t\t<\/div>\n\t\t<\/article>\n\t\t\t\t<article class=\"elementor-post elementor-grid-item post-1827 post type-post status-publish format-standard has-post-thumbnail hentry category-blog\">\n\t\t\t<div class=\"elementor-post__card\">\n\t\t\t\t<a class=\"elementor-post__thumbnail__link\" href=\"https:\/\/finanzase.com\/en\/valoracion-por-referencia\/\" tabindex=\"-1\" ><div class=\"elementor-post__thumbnail\"><img loading=\"lazy\" decoding=\"async\" width=\"300\" height=\"141\" src=\"https:\/\/finanzase.com\/wp-content\/uploads\/2024\/10\/1619621390277-300x141.jpg\" class=\"attachment-medium size-medium wp-image-1828\" alt=\"Valoraci\u00f3n por Referencia Jose Corcione\" srcset=\"https:\/\/finanzase.com\/wp-content\/uploads\/2024\/10\/1619621390277-300x141.jpg 300w, https:\/\/finanzase.com\/wp-content\/uploads\/2024\/10\/1619621390277-768x361.jpg 768w, https:\/\/finanzase.com\/wp-content\/uploads\/2024\/10\/1619621390277.jpg 1000w\" sizes=\"(max-width: 300px) 100vw, 300px\" \/><\/div><\/a>\n\t\t\t\t<div class=\"elementor-post__badge\">Blog<\/div>\n\t\t\t\t<div class=\"elementor-post__text\">\n\t\t\t\t<h3 class=\"elementor-post__title\">\n\t\t\t<a href=\"https:\/\/finanzase.com\/en\/valoracion-por-referencia\/\" >\n\t\t\t\tReference Rating\t\t\t<\/a>\n\t\t<\/h3>\n\t\t\t\t\t<div class=\"elementor-post__read-more-wrapper\">\n\t\t\n\t\t<a class=\"elementor-post__read-more\" href=\"https:\/\/finanzase.com\/en\/valoracion-por-referencia\/\" aria-label=\"Read more about Valoraci\u00f3n por Referencia\" tabindex=\"-1\" >\n\t\t\tRead more \u00bb\t\t<\/a>\n\n\t\t\t\t\t<\/div>\n\t\t\t\t<\/div>\n\t\t\t\t\t<\/div>\n\t\t<\/article>\n\t\t\t\t<article class=\"elementor-post elementor-grid-item post-1786 post type-post status-publish format-standard has-post-thumbnail hentry category-blog\">\n\t\t\t<div class=\"elementor-post__card\">\n\t\t\t\t<a class=\"elementor-post__thumbnail__link\" href=\"https:\/\/finanzase.com\/en\/las-fortalezas-de-panama\/\" tabindex=\"-1\" ><div class=\"elementor-post__thumbnail\"><img loading=\"lazy\" decoding=\"async\" width=\"300\" height=\"196\" src=\"https:\/\/finanzase.com\/wp-content\/uploads\/2024\/10\/Las-Fortalezas-de-Panama-300x196.jpeg\" class=\"attachment-medium size-medium wp-image-1787\" alt=\"Las foratelzas de Panam\u00e1 Jose Corcione\" srcset=\"https:\/\/finanzase.com\/wp-content\/uploads\/2024\/10\/Las-Fortalezas-de-Panama-300x196.jpeg 300w, https:\/\/finanzase.com\/wp-content\/uploads\/2024\/10\/Las-Fortalezas-de-Panama.jpeg 690w\" sizes=\"(max-width: 300px) 100vw, 300px\" \/><\/div><\/a>\n\t\t\t\t<div class=\"elementor-post__badge\">Blog<\/div>\n\t\t\t\t<div class=\"elementor-post__text\">\n\t\t\t\t<h3 class=\"elementor-post__title\">\n\t\t\t<a href=\"https:\/\/finanzase.com\/en\/las-fortalezas-de-panama\/\" >\n\t\t\t\tThe Strengths of Panama\t\t\t<\/a>\n\t\t<\/h3>\n\t\t\t\t\t<div class=\"elementor-post__read-more-wrapper\">\n\t\t\n\t\t<a class=\"elementor-post__read-more\" href=\"https:\/\/finanzase.com\/en\/las-fortalezas-de-panama\/\" aria-label=\"Read more about Las Fortalezas de Panam\u00e1\" tabindex=\"-1\" >\n\t\t\tRead more \u00bb\t\t<\/a>\n\n\t\t\t\t\t<\/div>\n\t\t\t\t<\/div>\n\t\t\t\t\t<\/div>\n\t\t<\/article>\n\t\t\t\t<\/div>\n\t\t\n\t\t\t\t\t\t<\/div>\n\t\t\t\t<\/div>\n\t\t\t\t\t<\/div>\n\t\t\t\t<\/div>\n\t\t\t\t<\/div>","protected":false},"excerpt":{"rendered":"<p>Blog<\/p>","protected":false},"author":2,"featured_media":0,"parent":0,"menu_order":0,"comment_status":"closed","ping_status":"closed","template":"","meta":{"site-sidebar-layout":"no-sidebar","site-content-layout":"page-builder","ast-site-content-layout":"full-width-container","site-content-style":"unboxed","site-sidebar-style":"unboxed","ast-global-header-display":"","ast-banner-title-visibility":"","ast-main-header-display":"","ast-hfb-above-header-display":"disabled","ast-hfb-below-header-display":"","ast-hfb-mobile-header-display":"","site-post-title":"disabled","ast-breadcrumbs-content":"disabled","ast-featured-img":"disabled","footer-sml-layout":"disabled","ast-disable-related-posts":"","theme-transparent-header-meta":"disabled","adv-header-id-meta":"","stick-header-meta":"","header-above-stick-meta":"","header-main-stick-meta":"","header-below-stick-meta":"","astra-migrate-meta-layouts":"set","ast-page-background-enabled":"default","ast-page-background-meta":{"desktop":{"background-color":"","background-image":"","background-repeat":"repeat","background-position":"center center","background-size":"auto","background-attachment":"scroll","background-type":"","background-media":"","overlay-type":"","overlay-color":"","overlay-opacity":"","overlay-gradient":""},"tablet":{"background-color":"","background-image":"","background-repeat":"repeat","background-position":"center center","background-size":"auto","background-attachment":"scroll","background-type":"","background-media":"","overlay-type":"","overlay-color":"","overlay-opacity":"","overlay-gradient":""},"mobile":{"background-color":"","background-image":"","background-repeat":"repeat","background-position":"center center","background-size":"auto","background-attachment":"scroll","background-type":"","background-media":"","overlay-type":"","overlay-color":"","overlay-opacity":"","overlay-gradient":""}},"ast-content-background-meta":{"desktop":{"background-color":"var(--ast-global-color-4)","background-image":"","background-repeat":"repeat","background-position":"center center","background-size":"auto","background-attachment":"scroll","background-type":"","background-media":"","overlay-type":"","overlay-color":"","overlay-opacity":"","overlay-gradient":""},"tablet":{"background-color":"var(--ast-global-color-4)","background-image":"","background-repeat":"repeat","background-position":"center center","background-size":"auto","background-attachment":"scroll","background-type":"","background-media":"","overlay-type":"","overlay-color":"","overlay-opacity":"","overlay-gradient":""},"mobile":{"background-color":"var(--ast-global-color-4)","background-image":"","background-repeat":"repeat","background-position":"center center","background-size":"auto","background-attachment":"scroll","background-type":"","background-media":"","overlay-type":"","overlay-color":"","overlay-opacity":"","overlay-gradient":""}},"footnotes":""},"class_list":["post-1796","page","type-page","status-publish","hentry"],"yoast_head":"<!-- This site is optimized with the Yoast SEO plugin v25.2 - https:\/\/yoast.com\/wordpress\/plugins\/seo\/ -->\n<title>Blog - Finanzas Empresariales<\/title>\n<meta name=\"description\" content=\"Noticias sobre Finanzas Empresariales. Asesor\u00eda financiera para peque\u00f1as y medianas empresas en Panam\u00e1. \u00a1Atenci\u00f3n personalizada!\" \/>\n<meta name=\"robots\" content=\"index, follow, max-snippet:-1, max-image-preview:large, max-video-preview:-1\" \/>\n<link rel=\"canonical\" href=\"https:\/\/finanzase.com\/en\/blog\/\" \/>\n<meta property=\"og:locale\" content=\"en_US\" \/>\n<meta property=\"og:type\" content=\"article\" \/>\n<meta property=\"og:title\" content=\"Blog - Finanzas Empresariales\" \/>\n<meta property=\"og:description\" content=\"Noticias sobre Finanzas Empresariales. Asesor\u00eda financiera para peque\u00f1as y medianas empresas en Panam\u00e1. \u00a1Atenci\u00f3n personalizada!\" \/>\n<meta property=\"og:url\" content=\"https:\/\/finanzase.com\/en\/blog\/\" \/>\n<meta property=\"og:site_name\" content=\"Finanzas Empresariales\" \/>\n<meta property=\"article:modified_time\" content=\"2024-10-23T16:25:44+00:00\" \/>\n<meta name=\"twitter:card\" content=\"summary_large_image\" \/>\n<meta name=\"twitter:label1\" content=\"Est. reading time\" \/>\n\t<meta name=\"twitter:data1\" content=\"2 minutes\" \/>\n<script type=\"application\/ld+json\" class=\"yoast-schema-graph\">{\"@context\":\"https:\/\/schema.org\",\"@graph\":[{\"@type\":\"WebPage\",\"@id\":\"https:\/\/finanzase.com\/blog\/\",\"url\":\"https:\/\/finanzase.com\/blog\/\",\"name\":\"Blog - Finanzas Empresariales\",\"isPartOf\":{\"@id\":\"https:\/\/finanzase.com\/#website\"},\"datePublished\":\"2024-10-03T19:32:43+00:00\",\"dateModified\":\"2024-10-23T16:25:44+00:00\",\"description\":\"Noticias sobre Finanzas Empresariales. Asesor\u00eda financiera para peque\u00f1as y medianas empresas en Panam\u00e1. \u00a1Atenci\u00f3n personalizada!\",\"breadcrumb\":{\"@id\":\"https:\/\/finanzase.com\/blog\/#breadcrumb\"},\"inLanguage\":\"en-US\",\"potentialAction\":[{\"@type\":\"ReadAction\",\"target\":[\"https:\/\/finanzase.com\/blog\/\"]}]},{\"@type\":\"BreadcrumbList\",\"@id\":\"https:\/\/finanzase.com\/blog\/#breadcrumb\",\"itemListElement\":[{\"@type\":\"ListItem\",\"position\":1,\"name\":\"Inicio\",\"item\":\"https:\/\/finanzase.com\/\"},{\"@type\":\"ListItem\",\"position\":2,\"name\":\"Blog\"}]},{\"@type\":\"WebSite\",\"@id\":\"https:\/\/finanzase.com\/#website\",\"url\":\"https:\/\/finanzase.com\/\",\"name\":\"Finanzas Empresariales\",\"description\":\"\",\"publisher\":{\"@id\":\"https:\/\/finanzase.com\/#organization\"},\"potentialAction\":[{\"@type\":\"SearchAction\",\"target\":{\"@type\":\"EntryPoint\",\"urlTemplate\":\"https:\/\/finanzase.com\/?s={search_term_string}\"},\"query-input\":{\"@type\":\"PropertyValueSpecification\",\"valueRequired\":true,\"valueName\":\"search_term_string\"}}],\"inLanguage\":\"en-US\"},{\"@type\":\"Organization\",\"@id\":\"https:\/\/finanzase.com\/#organization\",\"name\":\"Finanzas Empresariales\",\"url\":\"https:\/\/finanzase.com\/\",\"logo\":{\"@type\":\"ImageObject\",\"inLanguage\":\"en-US\",\"@id\":\"https:\/\/finanzase.com\/#\/schema\/logo\/image\/\",\"url\":\"https:\/\/finanzase.com\/wp-content\/uploads\/2024\/03\/FINANZAS-EMPRESARIALES-SIN-FONDO-LETRAS-VERDES.png\",\"contentUrl\":\"https:\/\/finanzase.com\/wp-content\/uploads\/2024\/03\/FINANZAS-EMPRESARIALES-SIN-FONDO-LETRAS-VERDES.png\",\"width\":863,\"height\":864,\"caption\":\"Finanzas Empresariales\"},\"image\":{\"@id\":\"https:\/\/finanzase.com\/#\/schema\/logo\/image\/\"}}]}<\/script>\n<!-- \/ Yoast SEO plugin. -->","yoast_head_json":{"title":"Blog - Finanzas Empresariales","description":"Noticias sobre Finanzas Empresariales. Asesor\u00eda financiera para peque\u00f1as y medianas empresas en Panam\u00e1. \u00a1Atenci\u00f3n personalizada!","robots":{"index":"index","follow":"follow","max-snippet":"max-snippet:-1","max-image-preview":"max-image-preview:large","max-video-preview":"max-video-preview:-1"},"canonical":"https:\/\/finanzase.com\/en\/blog\/","og_locale":"en_US","og_type":"article","og_title":"Blog - Finanzas Empresariales","og_description":"Noticias sobre Finanzas Empresariales. Asesor\u00eda financiera para peque\u00f1as y medianas empresas en Panam\u00e1. \u00a1Atenci\u00f3n personalizada!","og_url":"https:\/\/finanzase.com\/en\/blog\/","og_site_name":"Finanzas Empresariales","article_modified_time":"2024-10-23T16:25:44+00:00","twitter_card":"summary_large_image","twitter_misc":{"Est. reading time":"2 minutes"},"schema":{"@context":"https:\/\/schema.org","@graph":[{"@type":"WebPage","@id":"https:\/\/finanzase.com\/blog\/","url":"https:\/\/finanzase.com\/blog\/","name":"Blog - Finanzas Empresariales","isPartOf":{"@id":"https:\/\/finanzase.com\/#website"},"datePublished":"2024-10-03T19:32:43+00:00","dateModified":"2024-10-23T16:25:44+00:00","description":"Noticias sobre Finanzas Empresariales. Asesor\u00eda financiera para peque\u00f1as y medianas empresas en Panam\u00e1. \u00a1Atenci\u00f3n personalizada!","breadcrumb":{"@id":"https:\/\/finanzase.com\/blog\/#breadcrumb"},"inLanguage":"en-US","potentialAction":[{"@type":"ReadAction","target":["https:\/\/finanzase.com\/blog\/"]}]},{"@type":"BreadcrumbList","@id":"https:\/\/finanzase.com\/blog\/#breadcrumb","itemListElement":[{"@type":"ListItem","position":1,"name":"Inicio","item":"https:\/\/finanzase.com\/"},{"@type":"ListItem","position":2,"name":"Blog"}]},{"@type":"WebSite","@id":"https:\/\/finanzase.com\/#website","url":"https:\/\/finanzase.com\/","name":"Finanzas Empresariales","description":"","publisher":{"@id":"https:\/\/finanzase.com\/#organization"},"potentialAction":[{"@type":"SearchAction","target":{"@type":"EntryPoint","urlTemplate":"https:\/\/finanzase.com\/?s={search_term_string}"},"query-input":{"@type":"PropertyValueSpecification","valueRequired":true,"valueName":"search_term_string"}}],"inLanguage":"en-US"},{"@type":"Organization","@id":"https:\/\/finanzase.com\/#organization","name":"Finanzas Empresariales","url":"https:\/\/finanzase.com\/","logo":{"@type":"ImageObject","inLanguage":"en-US","@id":"https:\/\/finanzase.com\/#\/schema\/logo\/image\/","url":"https:\/\/finanzase.com\/wp-content\/uploads\/2024\/03\/FINANZAS-EMPRESARIALES-SIN-FONDO-LETRAS-VERDES.png","contentUrl":"https:\/\/finanzase.com\/wp-content\/uploads\/2024\/03\/FINANZAS-EMPRESARIALES-SIN-FONDO-LETRAS-VERDES.png","width":863,"height":864,"caption":"Finanzas Empresariales"},"image":{"@id":"https:\/\/finanzase.com\/#\/schema\/logo\/image\/"}}]}},"_links":{"self":[{"href":"https:\/\/finanzase.com\/en\/wp-json\/wp\/v2\/pages\/1796","targetHints":{"allow":["GET"]}}],"collection":[{"href":"https:\/\/finanzase.com\/en\/wp-json\/wp\/v2\/pages"}],"about":[{"href":"https:\/\/finanzase.com\/en\/wp-json\/wp\/v2\/types\/page"}],"author":[{"embeddable":true,"href":"https:\/\/finanzase.com\/en\/wp-json\/wp\/v2\/users\/2"}],"replies":[{"embeddable":true,"href":"https:\/\/finanzase.com\/en\/wp-json\/wp\/v2\/comments?post=1796"}],"version-history":[{"count":16,"href":"https:\/\/finanzase.com\/en\/wp-json\/wp\/v2\/pages\/1796\/revisions"}],"predecessor-version":[{"id":2009,"href":"https:\/\/finanzase.com\/en\/wp-json\/wp\/v2\/pages\/1796\/revisions\/2009"}],"wp:attachment":[{"href":"https:\/\/finanzase.com\/en\/wp-json\/wp\/v2\/media?parent=1796"}],"curies":[{"name":"wp","href":"https:\/\/api.w.org\/{rel}","templated":true}]}}