{"id":1808,"date":"2024-10-03T14:48:42","date_gmt":"2024-10-03T19:48:42","guid":{"rendered":"https:\/\/finanzase.com\/?page_id=1808"},"modified":"2024-10-23T11:36:04","modified_gmt":"2024-10-23T16:36:04","slug":"politica-de-privacidad","status":"publish","type":"page","link":"https:\/\/finanzase.com\/en\/politica-de-privacidad\/","title":{"rendered":"Privacy Policy"},"content":{"rendered":"<div data-elementor-type=\"wp-page\" data-elementor-id=\"1808\" class=\"elementor elementor-1808\" data-elementor-post-type=\"page\">\n\t\t\t\t<div class=\"elementor-element elementor-element-6fef106 e-flex e-con-boxed e-con e-parent\" data-id=\"6fef106\" data-element_type=\"container\" data-settings=\"{&quot;background_background&quot;:&quot;classic&quot;}\">\n\t\t\t\t\t<div class=\"e-con-inner\">\n\t\t<div class=\"elementor-element elementor-element-0eb96bb e-con-full e-flex e-con e-child\" data-id=\"0eb96bb\" data-element_type=\"container\">\n\t\t\t\t<div class=\"elementor-element elementor-element-bde98bb elementor-widget elementor-widget-heading\" data-id=\"bde98bb\" data-element_type=\"widget\" data-widget_type=\"heading.default\">\n\t\t\t\t<div class=\"elementor-widget-container\">\n\t\t\t\t\t<h1 class=\"elementor-heading-title elementor-size-default\">Privacy Policy<\/h1>\t\t\t\t<\/div>\n\t\t\t\t<\/div>\n\t\t\t\t<\/div>\n\t\t\t\t\t<\/div>\n\t\t\t\t<\/div>\n\t\t<div class=\"elementor-element elementor-element-bfc441c e-flex e-con-boxed e-con e-parent\" data-id=\"bfc441c\" data-element_type=\"container\">\n\t\t\t\t\t<div class=\"e-con-inner\">\n\t\t\t\t<div class=\"elementor-element elementor-element-8b3c504 elementor-widget elementor-widget-text-editor\" data-id=\"8b3c504\" data-element_type=\"widget\" data-widget_type=\"text-editor.default\">\n\t\t\t\t<div class=\"elementor-widget-container\">\n\t\t\t\t\t\t\t\t\t<p>In <strong>Finanzase.com<\/strong>, we value your privacy and are committed to protecting the personal information you share with us. This Privacy Policy describes how we collect, use and protect your personal data when you access or use our website.<\/p><h3>1. <strong>Information We Collect<\/strong><\/h3><p>When you interact with our website, we may collect the following categories of information:<\/p><ul><li><strong>Personal data:<\/strong> Such as your name, email address, phone number, and any other information you choose to provide when filling out contact or subscription forms.<\/li><li><strong>Usage data:<\/strong> Information about how you use our site, such as your IP address, browser, access times, and pages visited.<\/li><li><strong>Cookies:<\/strong> Small text files that are stored on your device to improve user experience and personalize content.<\/li><\/ul><h3>2. <strong>How We Use Your Information<\/strong><\/h3><p>The information we collect may be used for the following purposes:<\/p><ul><li>Provide, operate and maintain our services.<\/li><li>Improve user experience and personalize content.<\/li><li>Respond to queries, requests or comments you send us.<\/li><li>Send newsletters and promotions, as long as you have given your consent to receive these communications.<\/li><li>Analyze site traffic and make improvements.<\/li><\/ul><h3>3. <strong>Information Sharing<\/strong><\/h3><p>We do not sell, rent or share your personal information with third parties, except as follows:<\/p><ul><li><strong>Service providers:<\/strong> We may share information with third-party vendors who help us operate our website and provide services such as web hosting, data analysis, and payment processing, always under strict confidentiality agreements.<\/li><li><strong>Legal compliance:<\/strong> We may disclose your information if required to do so by law or if we believe in good faith that such action is necessary to comply with a legal obligation.<\/li><\/ul><h3>4. <strong>Protection of your Data<\/strong><\/h3><p>We implement technical and organizational security measures to protect your personal data against unauthorized access, alteration, disclosure or destruction. However, no method of transmission over the Internet is completely secure and we cannot guarantee absolute security.<\/p><h3>5. <strong>User Rights<\/strong><\/h3><p>You have the right to access, correct or delete the personal information we have collected about you. You can also opt out of receiving communications from us at any time by clicking the \u201cunsubscribe\u201d link in the emails we send.<\/p><h3>6. <strong>Cookies and Similar Technologies<\/strong><\/h3><p>We use cookies to improve user experience, analyze traffic and personalize content. You can manage cookie preferences directly in your browser. However, disabling cookies may affect your experience on the site.<\/p><h3>7. <strong>Changes to the Privacy Policy<\/strong><\/h3><p>We reserve the right to update this Privacy Policy at any time. Any changes will be notified through our website, indicating the date of the last update at the top of this page.<\/p><h3>8. <strong>Contact<\/strong><\/h3><p>If you have any questions or concerns about our Privacy Policy or the handling of your data, do not hesitate to contact us through our email: <strong><a rel=\"noopener\">info@finanzase.com<\/a><\/strong>.<\/p>\t\t\t\t\t\t\t\t<\/div>\n\t\t\t\t<\/div>\n\t\t\t\t\t<\/div>\n\t\t\t\t<\/div>\n\t\t\t\t<\/div>","protected":false},"excerpt":{"rendered":"<p>Pol\u00edtica de Privacidad En Finanzase.com, valoramos tu privacidad y estamos comprometidos con proteger la informaci\u00f3n personal que compartes con nosotros. Esta Pol\u00edtica de Privacidad describe c\u00f3mo recopilamos, utilizamos y protegemos tus datos personales cuando accedes o utilizas nuestro sitio web. 1. Informaci\u00f3n que Recopilamos Cuando interact\u00faas con nuestro sitio web, podemos recopilar las siguientes categor\u00edas [&hellip;]<\/p>","protected":false},"author":2,"featured_media":0,"parent":0,"menu_order":0,"comment_status":"closed","ping_status":"closed","template":"","meta":{"site-sidebar-layout":"no-sidebar","site-content-layout":"page-builder","ast-site-content-layout":"full-width-container","site-content-style":"unboxed","site-sidebar-style":"unboxed","ast-global-header-display":"","ast-banner-title-visibility":"","ast-main-header-display":"","ast-hfb-above-header-display":"disabled","ast-hfb-below-header-display":"","ast-hfb-mobile-header-display":"","site-post-title":"disabled","ast-breadcrumbs-content":"disabled","ast-featured-img":"disabled","footer-sml-layout":"disabled","ast-disable-related-posts":"","theme-transparent-header-meta":"disabled","adv-header-id-meta":"","stick-header-meta":"","header-above-stick-meta":"","header-main-stick-meta":"","header-below-stick-meta":"","astra-migrate-meta-layouts":"set","ast-page-background-enabled":"default","ast-page-background-meta":{"desktop":{"background-color":"","background-image":"","background-repeat":"repeat","background-position":"center center","background-size":"auto","background-attachment":"scroll","background-type":"","background-media":"","overlay-type":"","overlay-color":"","overlay-opacity":"","overlay-gradient":""},"tablet":{"background-color":"","background-image":"","background-repeat":"repeat","background-position":"center center","background-size":"auto","background-attachment":"scroll","background-type":"","background-media":"","overlay-type":"","overlay-color":"","overlay-opacity":"","overlay-gradient":""},"mobile":{"background-color":"","background-image":"","background-repeat":"repeat","background-position":"center center","background-size":"auto","background-attachment":"scroll","background-type":"","background-media":"","overlay-type":"","overlay-color":"","overlay-opacity":"","overlay-gradient":""}},"ast-content-background-meta":{"desktop":{"background-color":"var(--ast-global-color-4)","background-image":"","background-repeat":"repeat","background-position":"center center","background-size":"auto","background-attachment":"scroll","background-type":"","background-media":"","overlay-type":"","overlay-color":"","overlay-opacity":"","overlay-gradient":""},"tablet":{"background-color":"var(--ast-global-color-4)","background-image":"","background-repeat":"repeat","background-position":"center center","background-size":"auto","background-attachment":"scroll","background-type":"","background-media":"","overlay-type":"","overlay-color":"","overlay-opacity":"","overlay-gradient":""},"mobile":{"background-color":"var(--ast-global-color-4)","background-image":"","background-repeat":"repeat","background-position":"center center","background-size":"auto","background-attachment":"scroll","background-type":"","background-media":"","overlay-type":"","overlay-color":"","overlay-opacity":"","overlay-gradient":""}},"footnotes":""},"class_list":["post-1808","page","type-page","status-publish","hentry"],"yoast_head":"<!-- This site is optimized with the Yoast SEO plugin v25.2 - https:\/\/yoast.com\/wordpress\/plugins\/seo\/ -->\n<title>Pol\u00edtica de privacidad - Finanzas Empresariales<\/title>\n<meta name=\"robots\" content=\"noindex, nofollow\" \/>\n<meta property=\"og:locale\" content=\"en_US\" \/>\n<meta property=\"og:type\" content=\"article\" \/>\n<meta property=\"og:title\" content=\"Pol\u00edtica de privacidad - Finanzas Empresariales\" \/>\n<meta property=\"og:description\" content=\"Pol\u00edtica de Privacidad En Finanzase.com, valoramos tu privacidad y estamos comprometidos con proteger la informaci\u00f3n personal que compartes con nosotros. Esta Pol\u00edtica de Privacidad describe c\u00f3mo recopilamos, utilizamos y protegemos tus datos personales cuando accedes o utilizas nuestro sitio web. 1. Informaci\u00f3n que Recopilamos Cuando interact\u00faas con nuestro sitio web, podemos recopilar las siguientes categor\u00edas [&hellip;]\" \/>\n<meta property=\"og:url\" content=\"https:\/\/finanzase.com\/en\/politica-de-privacidad\/\" \/>\n<meta property=\"og:site_name\" content=\"Finanzas Empresariales\" \/>\n<meta property=\"article:modified_time\" content=\"2024-10-23T16:36:04+00:00\" \/>\n<meta name=\"twitter:card\" content=\"summary_large_image\" \/>\n<meta name=\"twitter:label1\" content=\"Est. reading time\" \/>\n\t<meta name=\"twitter:data1\" content=\"3 minutes\" \/>\n<script type=\"application\/ld+json\" class=\"yoast-schema-graph\">{\"@context\":\"https:\/\/schema.org\",\"@graph\":[{\"@type\":\"WebPage\",\"@id\":\"https:\/\/finanzase.com\/politica-de-privacidad\/\",\"url\":\"https:\/\/finanzase.com\/politica-de-privacidad\/\",\"name\":\"Pol\u00edtica de privacidad - Finanzas Empresariales\",\"isPartOf\":{\"@id\":\"https:\/\/finanzase.com\/#website\"},\"datePublished\":\"2024-10-03T19:48:42+00:00\",\"dateModified\":\"2024-10-23T16:36:04+00:00\",\"breadcrumb\":{\"@id\":\"https:\/\/finanzase.com\/politica-de-privacidad\/#breadcrumb\"},\"inLanguage\":\"en-US\",\"potentialAction\":[{\"@type\":\"ReadAction\",\"target\":[\"https:\/\/finanzase.com\/politica-de-privacidad\/\"]}]},{\"@type\":\"BreadcrumbList\",\"@id\":\"https:\/\/finanzase.com\/politica-de-privacidad\/#breadcrumb\",\"itemListElement\":[{\"@type\":\"ListItem\",\"position\":1,\"name\":\"Inicio\",\"item\":\"https:\/\/finanzase.com\/\"},{\"@type\":\"ListItem\",\"position\":2,\"name\":\"Pol\u00edtica de privacidad\"}]},{\"@type\":\"WebSite\",\"@id\":\"https:\/\/finanzase.com\/#website\",\"url\":\"https:\/\/finanzase.com\/\",\"name\":\"Finanzas Empresariales\",\"description\":\"\",\"publisher\":{\"@id\":\"https:\/\/finanzase.com\/#organization\"},\"potentialAction\":[{\"@type\":\"SearchAction\",\"target\":{\"@type\":\"EntryPoint\",\"urlTemplate\":\"https:\/\/finanzase.com\/?s={search_term_string}\"},\"query-input\":{\"@type\":\"PropertyValueSpecification\",\"valueRequired\":true,\"valueName\":\"search_term_string\"}}],\"inLanguage\":\"en-US\"},{\"@type\":\"Organization\",\"@id\":\"https:\/\/finanzase.com\/#organization\",\"name\":\"Finanzas Empresariales\",\"url\":\"https:\/\/finanzase.com\/\",\"logo\":{\"@type\":\"ImageObject\",\"inLanguage\":\"en-US\",\"@id\":\"https:\/\/finanzase.com\/#\/schema\/logo\/image\/\",\"url\":\"https:\/\/finanzase.com\/wp-content\/uploads\/2024\/03\/FINANZAS-EMPRESARIALES-SIN-FONDO-LETRAS-VERDES.png\",\"contentUrl\":\"https:\/\/finanzase.com\/wp-content\/uploads\/2024\/03\/FINANZAS-EMPRESARIALES-SIN-FONDO-LETRAS-VERDES.png\",\"width\":863,\"height\":864,\"caption\":\"Finanzas Empresariales\"},\"image\":{\"@id\":\"https:\/\/finanzase.com\/#\/schema\/logo\/image\/\"}}]}<\/script>\n<!-- \/ Yoast SEO plugin. -->","yoast_head_json":{"title":"Pol\u00edtica de privacidad - Finanzas Empresariales","robots":{"index":"noindex","follow":"nofollow"},"og_locale":"en_US","og_type":"article","og_title":"Pol\u00edtica de privacidad - Finanzas Empresariales","og_description":"Pol\u00edtica de Privacidad En Finanzase.com, valoramos tu privacidad y estamos comprometidos con proteger la informaci\u00f3n personal que compartes con nosotros. Esta Pol\u00edtica de Privacidad describe c\u00f3mo recopilamos, utilizamos y protegemos tus datos personales cuando accedes o utilizas nuestro sitio web. 1. Informaci\u00f3n que Recopilamos Cuando interact\u00faas con nuestro sitio web, podemos recopilar las siguientes categor\u00edas [&hellip;]","og_url":"https:\/\/finanzase.com\/en\/politica-de-privacidad\/","og_site_name":"Finanzas Empresariales","article_modified_time":"2024-10-23T16:36:04+00:00","twitter_card":"summary_large_image","twitter_misc":{"Est. reading time":"3 minutes"},"schema":{"@context":"https:\/\/schema.org","@graph":[{"@type":"WebPage","@id":"https:\/\/finanzase.com\/politica-de-privacidad\/","url":"https:\/\/finanzase.com\/politica-de-privacidad\/","name":"Pol\u00edtica de privacidad - Finanzas Empresariales","isPartOf":{"@id":"https:\/\/finanzase.com\/#website"},"datePublished":"2024-10-03T19:48:42+00:00","dateModified":"2024-10-23T16:36:04+00:00","breadcrumb":{"@id":"https:\/\/finanzase.com\/politica-de-privacidad\/#breadcrumb"},"inLanguage":"en-US","potentialAction":[{"@type":"ReadAction","target":["https:\/\/finanzase.com\/politica-de-privacidad\/"]}]},{"@type":"BreadcrumbList","@id":"https:\/\/finanzase.com\/politica-de-privacidad\/#breadcrumb","itemListElement":[{"@type":"ListItem","position":1,"name":"Inicio","item":"https:\/\/finanzase.com\/"},{"@type":"ListItem","position":2,"name":"Pol\u00edtica de privacidad"}]},{"@type":"WebSite","@id":"https:\/\/finanzase.com\/#website","url":"https:\/\/finanzase.com\/","name":"Finanzas Empresariales","description":"","publisher":{"@id":"https:\/\/finanzase.com\/#organization"},"potentialAction":[{"@type":"SearchAction","target":{"@type":"EntryPoint","urlTemplate":"https:\/\/finanzase.com\/?s={search_term_string}"},"query-input":{"@type":"PropertyValueSpecification","valueRequired":true,"valueName":"search_term_string"}}],"inLanguage":"en-US"},{"@type":"Organization","@id":"https:\/\/finanzase.com\/#organization","name":"Finanzas Empresariales","url":"https:\/\/finanzase.com\/","logo":{"@type":"ImageObject","inLanguage":"en-US","@id":"https:\/\/finanzase.com\/#\/schema\/logo\/image\/","url":"https:\/\/finanzase.com\/wp-content\/uploads\/2024\/03\/FINANZAS-EMPRESARIALES-SIN-FONDO-LETRAS-VERDES.png","contentUrl":"https:\/\/finanzase.com\/wp-content\/uploads\/2024\/03\/FINANZAS-EMPRESARIALES-SIN-FONDO-LETRAS-VERDES.png","width":863,"height":864,"caption":"Finanzas Empresariales"},"image":{"@id":"https:\/\/finanzase.com\/#\/schema\/logo\/image\/"}}]}},"_links":{"self":[{"href":"https:\/\/finanzase.com\/en\/wp-json\/wp\/v2\/pages\/1808","targetHints":{"allow":["GET"]}}],"collection":[{"href":"https:\/\/finanzase.com\/en\/wp-json\/wp\/v2\/pages"}],"about":[{"href":"https:\/\/finanzase.com\/en\/wp-json\/wp\/v2\/types\/page"}],"author":[{"embeddable":true,"href":"https:\/\/finanzase.com\/en\/wp-json\/wp\/v2\/users\/2"}],"replies":[{"embeddable":true,"href":"https:\/\/finanzase.com\/en\/wp-json\/wp\/v2\/comments?post=1808"}],"version-history":[{"count":8,"href":"https:\/\/finanzase.com\/en\/wp-json\/wp\/v2\/pages\/1808\/revisions"}],"predecessor-version":[{"id":2031,"href":"https:\/\/finanzase.com\/en\/wp-json\/wp\/v2\/pages\/1808\/revisions\/2031"}],"wp:attachment":[{"href":"https:\/\/finanzase.com\/en\/wp-json\/wp\/v2\/media?parent=1808"}],"curies":[{"name":"wp","href":"https:\/\/api.w.org\/{rel}","templated":true}]}}