{"id":1815,"date":"2024-10-03T14:51:59","date_gmt":"2024-10-03T19:51:59","guid":{"rendered":"https:\/\/finanzase.com\/?page_id=1815"},"modified":"2024-10-23T11:39:52","modified_gmt":"2024-10-23T16:39:52","slug":"terminos-y-condiciones","status":"publish","type":"page","link":"https:\/\/finanzase.com\/en\/terminos-y-condiciones\/","title":{"rendered":"Terms and Conditions"},"content":{"rendered":"<div data-elementor-type=\"wp-page\" data-elementor-id=\"1815\" class=\"elementor elementor-1815\" data-elementor-post-type=\"page\">\n\t\t\t\t<div class=\"elementor-element elementor-element-6fef106 e-flex e-con-boxed e-con e-parent\" data-id=\"6fef106\" data-element_type=\"container\" data-settings=\"{&quot;background_background&quot;:&quot;classic&quot;}\">\n\t\t\t\t\t<div class=\"e-con-inner\">\n\t\t<div class=\"elementor-element elementor-element-0eb96bb e-con-full e-flex e-con e-child\" data-id=\"0eb96bb\" data-element_type=\"container\">\n\t\t\t\t<div class=\"elementor-element elementor-element-bde98bb elementor-widget elementor-widget-heading\" data-id=\"bde98bb\" data-element_type=\"widget\" data-widget_type=\"heading.default\">\n\t\t\t\t<div class=\"elementor-widget-container\">\n\t\t\t\t\t<h1 class=\"elementor-heading-title elementor-size-default\">Terms and Conditions<\/h1>\t\t\t\t<\/div>\n\t\t\t\t<\/div>\n\t\t\t\t<\/div>\n\t\t\t\t\t<\/div>\n\t\t\t\t<\/div>\n\t\t<div class=\"elementor-element elementor-element-bfc441c e-flex e-con-boxed e-con e-parent\" data-id=\"bfc441c\" data-element_type=\"container\">\n\t\t\t\t\t<div class=\"e-con-inner\">\n\t\t\t\t<div class=\"elementor-element elementor-element-8b3c504 elementor-widget elementor-widget-text-editor\" data-id=\"8b3c504\" data-element_type=\"widget\" data-widget_type=\"text-editor.default\">\n\t\t\t\t<div class=\"elementor-widget-container\">\n\t\t\t\t\t\t\t\t\t<p>Welcome to <strong>Finanzase.com<\/strong>. By accessing or using our website, you agree to comply with the following terms and conditions of use. If you do not agree with any of these terms, we recommend that you do not use this site.<\/p><h3>1. <strong>Acceptance of Terms<\/strong><\/h3><p>When using <strong>Finanzase.com<\/strong>, you accept these Terms and Conditions in their entirety. These terms may be updated or modified at any time, and any changes will be posted on this page with the corresponding update date. It is your responsibility to review the terms periodically.<\/p><h3>2. <strong>Service Description<\/strong><\/h3><p><strong>Finanzase.com<\/strong> offers financial advisory services and content related to financial education. All services, information and tools provided on this website are for informational and educational purposes. We are not responsible for any financial decisions you make based on the information provided on the site.<\/p><h3>3. <strong>Use of the Website<\/strong><\/h3><p>You can use <strong>Finanzase.com<\/strong> only for legal purposes and in accordance with these Terms and Conditions. It is prohibited:<\/p><ul><li>Use the site in any way that violates any applicable law or regulation.<\/li><li>Distribute malicious content or computer viruses.<\/li><li>Attempt to access without authorization restricted sections of the site or the servers that support it.<\/li><li>Use the content of the site for unauthorized commercial purposes.<\/li><\/ul><h3>4. <strong>Intellectual Property<\/strong><\/h3><p>All content of <strong>Finanzase.com<\/strong>, including text, graphics, logos, images, videos and other materials, is protected by copyright, trademark and other intellectual property laws. You may not reproduce, distribute, modify or use any content on the site without our prior written permission.<\/p><h3>5. <strong>Limitation of Liability<\/strong><\/h3><p>The use of <strong>Finanzase.com<\/strong> It is at your own risk. Although we strive to provide accurate and up-to-date information, we do not guarantee the accuracy, completeness or usefulness of the content provided. We will not be liable for any direct, indirect, incidental, or consequential damages arising from the use or inability to use the site, including, without limitation, errors in content, service interruptions, or technical problems.<\/p><h3>6. <strong>Links to Third Party Sites<\/strong><\/h3><p>Our website may contain links to third party websites that are not operated by us. We have no control over the content or policies of these sites and assume no responsibility for their use. We encourage you to read the terms and privacy policies of any third-party sites you visit.<\/p><h3>7. <strong>Privacy<\/strong><\/h3><p>The use of <strong>Finanzase.com<\/strong> is also subject to our <strong>Privacy Policy<\/strong>, which sets out how we collect, use and protect your personal information. We invite you to review it carefully.<\/p><h3>8. <strong>Modifications to the Site and Services<\/strong><\/h3><p>We reserve the right to modify or discontinue, temporarily or permanently, the website or any service offered, without prior notice. We will not be liable to you or any third party for any modification, suspension or discontinuance of the services.<\/p><h3>9. <strong>Compensation<\/strong><\/h3><p>You agree to indemnify and hold harmless <strong>Finanzase.com<\/strong>, its employees, directors and partners, from any claim, loss, liability, or expense (including reasonable legal fees) arising from your misuse of the site, breach of these Terms or violation of third party rights.<\/p><h3>10. <strong>Applicable Legislation<\/strong><\/h3><p>These Terms and Conditions are governed and interpreted in accordance with the laws of Colombia. Any dispute that arises related to the use of the site will be resolved by the competent courts of Colombia.<\/p><h3>11. <strong>Contact<\/strong><\/h3><p>If you have any questions about these Terms and Conditions, you can contact us at <strong><a rel=\"noopener\">info@finanzase.com<\/a><\/strong>.<\/p>\t\t\t\t\t\t\t\t<\/div>\n\t\t\t\t<\/div>\n\t\t\t\t\t<\/div>\n\t\t\t\t<\/div>\n\t\t\t\t<\/div>","protected":false},"excerpt":{"rendered":"<p>T\u00e9rminos y Condiciones Bienvenido a Finanzase.com. Al acceder o utilizar nuestro sitio web, aceptas cumplir con los siguientes t\u00e9rminos y condiciones de uso. Si no est\u00e1s de acuerdo con alguno de estos t\u00e9rminos, te recomendamos no utilizar este sitio. 1. Aceptaci\u00f3n de los T\u00e9rminos Al utilizar Finanzase.com, aceptas estos T\u00e9rminos y Condiciones en su totalidad. [&hellip;]<\/p>","protected":false},"author":2,"featured_media":0,"parent":0,"menu_order":0,"comment_status":"closed","ping_status":"closed","template":"","meta":{"site-sidebar-layout":"no-sidebar","site-content-layout":"page-builder","ast-site-content-layout":"full-width-container","site-content-style":"unboxed","site-sidebar-style":"unboxed","ast-global-header-display":"","ast-banner-title-visibility":"","ast-main-header-display":"","ast-hfb-above-header-display":"disabled","ast-hfb-below-header-display":"","ast-hfb-mobile-header-display":"","site-post-title":"disabled","ast-breadcrumbs-content":"disabled","ast-featured-img":"disabled","footer-sml-layout":"disabled","ast-disable-related-posts":"","theme-transparent-header-meta":"disabled","adv-header-id-meta":"","stick-header-meta":"","header-above-stick-meta":"","header-main-stick-meta":"","header-below-stick-meta":"","astra-migrate-meta-layouts":"set","ast-page-background-enabled":"default","ast-page-background-meta":{"desktop":{"background-color":"","background-image":"","background-repeat":"repeat","background-position":"center center","background-size":"auto","background-attachment":"scroll","background-type":"","background-media":"","overlay-type":"","overlay-color":"","overlay-opacity":"","overlay-gradient":""},"tablet":{"background-color":"","background-image":"","background-repeat":"repeat","background-position":"center center","background-size":"auto","background-attachment":"scroll","background-type":"","background-media":"","overlay-type":"","overlay-color":"","overlay-opacity":"","overlay-gradient":""},"mobile":{"background-color":"","background-image":"","background-repeat":"repeat","background-position":"center center","background-size":"auto","background-attachment":"scroll","background-type":"","background-media":"","overlay-type":"","overlay-color":"","overlay-opacity":"","overlay-gradient":""}},"ast-content-background-meta":{"desktop":{"background-color":"var(--ast-global-color-4)","background-image":"","background-repeat":"repeat","background-position":"center center","background-size":"auto","background-attachment":"scroll","background-type":"","background-media":"","overlay-type":"","overlay-color":"","overlay-opacity":"","overlay-gradient":""},"tablet":{"background-color":"var(--ast-global-color-4)","background-image":"","background-repeat":"repeat","background-position":"center center","background-size":"auto","background-attachment":"scroll","background-type":"","background-media":"","overlay-type":"","overlay-color":"","overlay-opacity":"","overlay-gradient":""},"mobile":{"background-color":"var(--ast-global-color-4)","background-image":"","background-repeat":"repeat","background-position":"center center","background-size":"auto","background-attachment":"scroll","background-type":"","background-media":"","overlay-type":"","overlay-color":"","overlay-opacity":"","overlay-gradient":""}},"footnotes":""},"class_list":["post-1815","page","type-page","status-publish","hentry"],"yoast_head":"<!-- This site is optimized with the Yoast SEO plugin v25.2 - https:\/\/yoast.com\/wordpress\/plugins\/seo\/ -->\n<title>T\u00e9rminos y Condiciones - Finanzas Empresariales<\/title>\n<meta name=\"robots\" content=\"noindex, nofollow\" \/>\n<meta property=\"og:locale\" content=\"en_US\" \/>\n<meta property=\"og:type\" content=\"article\" \/>\n<meta property=\"og:title\" content=\"T\u00e9rminos y Condiciones - Finanzas Empresariales\" \/>\n<meta property=\"og:description\" content=\"T\u00e9rminos y Condiciones Bienvenido a Finanzase.com. Al acceder o utilizar nuestro sitio web, aceptas cumplir con los siguientes t\u00e9rminos y condiciones de uso. Si no est\u00e1s de acuerdo con alguno de estos t\u00e9rminos, te recomendamos no utilizar este sitio. 1. Aceptaci\u00f3n de los T\u00e9rminos Al utilizar Finanzase.com, aceptas estos T\u00e9rminos y Condiciones en su totalidad. [&hellip;]\" \/>\n<meta property=\"og:url\" content=\"https:\/\/finanzase.com\/en\/terminos-y-condiciones\/\" \/>\n<meta property=\"og:site_name\" content=\"Finanzas Empresariales\" \/>\n<meta property=\"article:modified_time\" content=\"2024-10-23T16:39:52+00:00\" \/>\n<meta name=\"twitter:card\" content=\"summary_large_image\" \/>\n<meta name=\"twitter:label1\" content=\"Est. reading time\" \/>\n\t<meta name=\"twitter:data1\" content=\"3 minutes\" \/>\n<script type=\"application\/ld+json\" class=\"yoast-schema-graph\">{\"@context\":\"https:\/\/schema.org\",\"@graph\":[{\"@type\":\"WebPage\",\"@id\":\"https:\/\/finanzase.com\/terminos-y-condiciones\/\",\"url\":\"https:\/\/finanzase.com\/terminos-y-condiciones\/\",\"name\":\"T\u00e9rminos y Condiciones - Finanzas Empresariales\",\"isPartOf\":{\"@id\":\"https:\/\/finanzase.com\/#website\"},\"datePublished\":\"2024-10-03T19:51:59+00:00\",\"dateModified\":\"2024-10-23T16:39:52+00:00\",\"breadcrumb\":{\"@id\":\"https:\/\/finanzase.com\/terminos-y-condiciones\/#breadcrumb\"},\"inLanguage\":\"en-US\",\"potentialAction\":[{\"@type\":\"ReadAction\",\"target\":[\"https:\/\/finanzase.com\/terminos-y-condiciones\/\"]}]},{\"@type\":\"BreadcrumbList\",\"@id\":\"https:\/\/finanzase.com\/terminos-y-condiciones\/#breadcrumb\",\"itemListElement\":[{\"@type\":\"ListItem\",\"position\":1,\"name\":\"Inicio\",\"item\":\"https:\/\/finanzase.com\/\"},{\"@type\":\"ListItem\",\"position\":2,\"name\":\"T\u00e9rminos y Condiciones\"}]},{\"@type\":\"WebSite\",\"@id\":\"https:\/\/finanzase.com\/#website\",\"url\":\"https:\/\/finanzase.com\/\",\"name\":\"Finanzas Empresariales\",\"description\":\"\",\"publisher\":{\"@id\":\"https:\/\/finanzase.com\/#organization\"},\"potentialAction\":[{\"@type\":\"SearchAction\",\"target\":{\"@type\":\"EntryPoint\",\"urlTemplate\":\"https:\/\/finanzase.com\/?s={search_term_string}\"},\"query-input\":{\"@type\":\"PropertyValueSpecification\",\"valueRequired\":true,\"valueName\":\"search_term_string\"}}],\"inLanguage\":\"en-US\"},{\"@type\":\"Organization\",\"@id\":\"https:\/\/finanzase.com\/#organization\",\"name\":\"Finanzas Empresariales\",\"url\":\"https:\/\/finanzase.com\/\",\"logo\":{\"@type\":\"ImageObject\",\"inLanguage\":\"en-US\",\"@id\":\"https:\/\/finanzase.com\/#\/schema\/logo\/image\/\",\"url\":\"https:\/\/finanzase.com\/wp-content\/uploads\/2024\/03\/FINANZAS-EMPRESARIALES-SIN-FONDO-LETRAS-VERDES.png\",\"contentUrl\":\"https:\/\/finanzase.com\/wp-content\/uploads\/2024\/03\/FINANZAS-EMPRESARIALES-SIN-FONDO-LETRAS-VERDES.png\",\"width\":863,\"height\":864,\"caption\":\"Finanzas Empresariales\"},\"image\":{\"@id\":\"https:\/\/finanzase.com\/#\/schema\/logo\/image\/\"}}]}<\/script>\n<!-- \/ Yoast SEO plugin. -->","yoast_head_json":{"title":"T\u00e9rminos y Condiciones - Finanzas Empresariales","robots":{"index":"noindex","follow":"nofollow"},"og_locale":"en_US","og_type":"article","og_title":"T\u00e9rminos y Condiciones - Finanzas Empresariales","og_description":"T\u00e9rminos y Condiciones Bienvenido a Finanzase.com. Al acceder o utilizar nuestro sitio web, aceptas cumplir con los siguientes t\u00e9rminos y condiciones de uso. Si no est\u00e1s de acuerdo con alguno de estos t\u00e9rminos, te recomendamos no utilizar este sitio. 1. Aceptaci\u00f3n de los T\u00e9rminos Al utilizar Finanzase.com, aceptas estos T\u00e9rminos y Condiciones en su totalidad. [&hellip;]","og_url":"https:\/\/finanzase.com\/en\/terminos-y-condiciones\/","og_site_name":"Finanzas Empresariales","article_modified_time":"2024-10-23T16:39:52+00:00","twitter_card":"summary_large_image","twitter_misc":{"Est. reading time":"3 minutes"},"schema":{"@context":"https:\/\/schema.org","@graph":[{"@type":"WebPage","@id":"https:\/\/finanzase.com\/terminos-y-condiciones\/","url":"https:\/\/finanzase.com\/terminos-y-condiciones\/","name":"T\u00e9rminos y Condiciones - Finanzas Empresariales","isPartOf":{"@id":"https:\/\/finanzase.com\/#website"},"datePublished":"2024-10-03T19:51:59+00:00","dateModified":"2024-10-23T16:39:52+00:00","breadcrumb":{"@id":"https:\/\/finanzase.com\/terminos-y-condiciones\/#breadcrumb"},"inLanguage":"en-US","potentialAction":[{"@type":"ReadAction","target":["https:\/\/finanzase.com\/terminos-y-condiciones\/"]}]},{"@type":"BreadcrumbList","@id":"https:\/\/finanzase.com\/terminos-y-condiciones\/#breadcrumb","itemListElement":[{"@type":"ListItem","position":1,"name":"Inicio","item":"https:\/\/finanzase.com\/"},{"@type":"ListItem","position":2,"name":"T\u00e9rminos y Condiciones"}]},{"@type":"WebSite","@id":"https:\/\/finanzase.com\/#website","url":"https:\/\/finanzase.com\/","name":"Finanzas Empresariales","description":"","publisher":{"@id":"https:\/\/finanzase.com\/#organization"},"potentialAction":[{"@type":"SearchAction","target":{"@type":"EntryPoint","urlTemplate":"https:\/\/finanzase.com\/?s={search_term_string}"},"query-input":{"@type":"PropertyValueSpecification","valueRequired":true,"valueName":"search_term_string"}}],"inLanguage":"en-US"},{"@type":"Organization","@id":"https:\/\/finanzase.com\/#organization","name":"Finanzas Empresariales","url":"https:\/\/finanzase.com\/","logo":{"@type":"ImageObject","inLanguage":"en-US","@id":"https:\/\/finanzase.com\/#\/schema\/logo\/image\/","url":"https:\/\/finanzase.com\/wp-content\/uploads\/2024\/03\/FINANZAS-EMPRESARIALES-SIN-FONDO-LETRAS-VERDES.png","contentUrl":"https:\/\/finanzase.com\/wp-content\/uploads\/2024\/03\/FINANZAS-EMPRESARIALES-SIN-FONDO-LETRAS-VERDES.png","width":863,"height":864,"caption":"Finanzas Empresariales"},"image":{"@id":"https:\/\/finanzase.com\/#\/schema\/logo\/image\/"}}]}},"_links":{"self":[{"href":"https:\/\/finanzase.com\/en\/wp-json\/wp\/v2\/pages\/1815","targetHints":{"allow":["GET"]}}],"collection":[{"href":"https:\/\/finanzase.com\/en\/wp-json\/wp\/v2\/pages"}],"about":[{"href":"https:\/\/finanzase.com\/en\/wp-json\/wp\/v2\/types\/page"}],"author":[{"embeddable":true,"href":"https:\/\/finanzase.com\/en\/wp-json\/wp\/v2\/users\/2"}],"replies":[{"embeddable":true,"href":"https:\/\/finanzase.com\/en\/wp-json\/wp\/v2\/comments?post=1815"}],"version-history":[{"count":12,"href":"https:\/\/finanzase.com\/en\/wp-json\/wp\/v2\/pages\/1815\/revisions"}],"predecessor-version":[{"id":2045,"href":"https:\/\/finanzase.com\/en\/wp-json\/wp\/v2\/pages\/1815\/revisions\/2045"}],"wp:attachment":[{"href":"https:\/\/finanzase.com\/en\/wp-json\/wp\/v2\/media?parent=1815"}],"curies":[{"name":"wp","href":"https:\/\/api.w.org\/{rel}","templated":true}]}}